{"id":27587,"date":"2025-09-29T11:27:48","date_gmt":"2025-09-29T11:27:48","guid":{"rendered":"https:\/\/staging-hz.snk-dev.de\/branchenkompetenz\/automotive\/future-mobility-index\/"},"modified":"2025-12-18T15:26:49","modified_gmt":"2025-12-18T15:26:49","slug":"future-mobility-index","status":"publish","type":"page","link":"https:\/\/hz.group\/de\/branchenkompetenz\/automotive\/future-mobility-index\/","title":{"rendered":"Future Mobility Index"},"content":{"rendered":"","protected":false},"excerpt":{"rendered":"","protected":false},"author":2,"featured_media":0,"parent":22405,"menu_order":0,"comment_status":"closed","ping_status":"closed","template":"","meta":{"_acf_changed":false,"content-type":"","footnotes":""},"topic":[],"industry":[127],"other_tag":[],"solution":[],"class_list":["post-27587","page","type-page","status-publish","hentry","industry-automobil"],"acf":{"button_icon":null,"short_description":"Die Automobilbranche entwickelt sich rasant weiter. Der Future Mobility Index von H&Z bietet einen klaren, datengest\u00fctzten \u00dcberblick dar\u00fcber, wie Fahrzeuge in wichtigen Bereichen a","related_pages":null,"custom_header_link":"","mega_menu_roofline":"","has_megamenu":"no","mega_menu_content_heading":"","mega_menu_content_cta_title":"","mega_menu_content_cta_link":"","exclude_from_menu":false},"yoast_head":"<!-- This site is optimized with the Yoast SEO plugin v26.9 - https:\/\/yoast.com\/product\/yoast-seo-wordpress\/ -->\n<title>Future Mobility Index: Nachhaltige Fahrzeuge im Vergleich | H&amp;Z<\/title>\n<meta name=\"description\" content=\"Der H&amp;Z Future Mobility Index vergleicht Fahrzeuge nach Energieeffizienz, Kreislaufwirtschaft, Materialeinsatz und Preis-Leistung \u2013 objektiv und datenbasiert.\" \/>\n<meta name=\"robots\" content=\"index, follow, max-snippet:-1, max-image-preview:large, max-video-preview:-1\" \/>\n<link rel=\"canonical\" href=\"https:\/\/hz.group\/de\/branchenkompetenz\/automotive\/future-mobility-index\/\" \/>\n<meta property=\"og:locale\" content=\"de_DE\" \/>\n<meta property=\"og:type\" content=\"article\" \/>\n<meta property=\"og:title\" content=\"Future Mobility Index: Nachhaltige Fahrzeuge im Vergleich | H&amp;Z\" \/>\n<meta property=\"og:description\" content=\"Der H&amp;Z Future Mobility Index vergleicht Fahrzeuge nach Energieeffizienz, Kreislaufwirtschaft, Materialeinsatz und Preis-Leistung \u2013 objektiv und datenbasiert.\" \/>\n<meta property=\"og:url\" content=\"https:\/\/hz.group\/de\/branchenkompetenz\/automotive\/future-mobility-index\/\" \/>\n<meta property=\"og:site_name\" content=\"H&amp;Z\" \/>\n<meta property=\"article:modified_time\" content=\"2025-12-18T15:26:49+00:00\" \/>\n<meta name=\"twitter:card\" content=\"summary_large_image\" \/>\n<meta name=\"twitter:label1\" content=\"Gesch\u00e4tzte Lesezeit\" \/>\n\t<meta name=\"twitter:data1\" content=\"10\u00a0Minuten\" \/>\n<script type=\"application\/ld+json\" class=\"yoast-schema-graph\">{\"@context\":\"https:\/\/schema.org\",\"@graph\":[{\"@type\":\"WebPage\",\"@id\":\"https:\/\/hz.group\/de\/branchenkompetenz\/automotive\/future-mobility-index\/\",\"url\":\"https:\/\/hz.group\/de\/branchenkompetenz\/automotive\/future-mobility-index\/\",\"name\":\"Future Mobility Index: Nachhaltige Fahrzeuge im Vergleich | H&Z\",\"isPartOf\":{\"@id\":\"https:\/\/hz.group\/de\/#website\"},\"datePublished\":\"2025-09-29T11:27:48+00:00\",\"dateModified\":\"2025-12-18T15:26:49+00:00\",\"description\":\"Der H&Z Future Mobility Index vergleicht Fahrzeuge nach Energieeffizienz, Kreislaufwirtschaft, Materialeinsatz und Preis-Leistung \u2013 objektiv und datenbasiert.\",\"breadcrumb\":{\"@id\":\"https:\/\/hz.group\/de\/branchenkompetenz\/automotive\/future-mobility-index\/#breadcrumb\"},\"inLanguage\":\"de\",\"potentialAction\":[{\"@type\":\"ReadAction\",\"target\":[\"https:\/\/hz.group\/de\/branchenkompetenz\/automotive\/future-mobility-index\/\"]}]},{\"@type\":\"BreadcrumbList\",\"@id\":\"https:\/\/hz.group\/de\/branchenkompetenz\/automotive\/future-mobility-index\/#breadcrumb\",\"itemListElement\":[{\"@type\":\"ListItem\",\"position\":1,\"name\":\"Home\",\"item\":\"https:\/\/hz.group\/de\/\"},{\"@type\":\"ListItem\",\"position\":2,\"name\":\"Branchenkompetenz\",\"item\":\"https:\/\/hz.group\/de\/branchenkompetenz\/\"},{\"@type\":\"ListItem\",\"position\":3,\"name\":\"Automobilindustrie\",\"item\":\"https:\/\/hz.group\/de\/branchenkompetenz\/automotive\/\"},{\"@type\":\"ListItem\",\"position\":4,\"name\":\"Future Mobility Index\"}]},{\"@type\":\"WebSite\",\"@id\":\"https:\/\/hz.group\/de\/#website\",\"url\":\"https:\/\/hz.group\/de\/\",\"name\":\"H&Z Unternehmensberatung\",\"description\":\"\",\"publisher\":{\"@id\":\"https:\/\/hz.group\/de\/#organization\"},\"potentialAction\":[{\"@type\":\"SearchAction\",\"target\":{\"@type\":\"EntryPoint\",\"urlTemplate\":\"https:\/\/hz.group\/de\/?s={search_term_string}\"},\"query-input\":{\"@type\":\"PropertyValueSpecification\",\"valueRequired\":true,\"valueName\":\"search_term_string\"}}],\"inLanguage\":\"de\"},{\"@type\":\"Organization\",\"@id\":\"https:\/\/hz.group\/de\/#organization\",\"name\":\"H&Z Group\",\"url\":\"https:\/\/hz.group\/de\/\",\"logo\":{\"@type\":\"ImageObject\",\"inLanguage\":\"de\",\"@id\":\"https:\/\/hz.group\/de\/#\/schema\/logo\/image\/\",\"url\":\"https:\/\/hz.group\/wp-content\/uploads\/static\/hz_logo-3.svg\",\"contentUrl\":\"https:\/\/hz.group\/wp-content\/uploads\/static\/hz_logo-3.svg\",\"caption\":\"H&Z Group\"},\"image\":{\"@id\":\"https:\/\/hz.group\/de\/#\/schema\/logo\/image\/\"}}]}<\/script>\n<!-- \/ Yoast SEO plugin. -->","yoast_head_json":{"title":"Future Mobility Index: Nachhaltige Fahrzeuge im Vergleich | H&Z","description":"Der H&Z Future Mobility Index vergleicht Fahrzeuge nach Energieeffizienz, Kreislaufwirtschaft, Materialeinsatz und Preis-Leistung \u2013 objektiv und datenbasiert.","robots":{"index":"index","follow":"follow","max-snippet":"max-snippet:-1","max-image-preview":"max-image-preview:large","max-video-preview":"max-video-preview:-1"},"canonical":"https:\/\/hz.group\/de\/branchenkompetenz\/automotive\/future-mobility-index\/","og_locale":"de_DE","og_type":"article","og_title":"Future Mobility Index: Nachhaltige Fahrzeuge im Vergleich | H&Z","og_description":"Der H&Z Future Mobility Index vergleicht Fahrzeuge nach Energieeffizienz, Kreislaufwirtschaft, Materialeinsatz und Preis-Leistung \u2013 objektiv und datenbasiert.","og_url":"https:\/\/hz.group\/de\/branchenkompetenz\/automotive\/future-mobility-index\/","og_site_name":"H&amp;Z","article_modified_time":"2025-12-18T15:26:49+00:00","twitter_card":"summary_large_image","twitter_misc":{"Gesch\u00e4tzte Lesezeit":"10\u00a0Minuten"},"schema":{"@context":"https:\/\/schema.org","@graph":[{"@type":"WebPage","@id":"https:\/\/hz.group\/de\/branchenkompetenz\/automotive\/future-mobility-index\/","url":"https:\/\/hz.group\/de\/branchenkompetenz\/automotive\/future-mobility-index\/","name":"Future Mobility Index: Nachhaltige Fahrzeuge im Vergleich | H&Z","isPartOf":{"@id":"https:\/\/hz.group\/de\/#website"},"datePublished":"2025-09-29T11:27:48+00:00","dateModified":"2025-12-18T15:26:49+00:00","description":"Der H&Z Future Mobility Index vergleicht Fahrzeuge nach Energieeffizienz, Kreislaufwirtschaft, Materialeinsatz und Preis-Leistung \u2013 objektiv und datenbasiert.","breadcrumb":{"@id":"https:\/\/hz.group\/de\/branchenkompetenz\/automotive\/future-mobility-index\/#breadcrumb"},"inLanguage":"de","potentialAction":[{"@type":"ReadAction","target":["https:\/\/hz.group\/de\/branchenkompetenz\/automotive\/future-mobility-index\/"]}]},{"@type":"BreadcrumbList","@id":"https:\/\/hz.group\/de\/branchenkompetenz\/automotive\/future-mobility-index\/#breadcrumb","itemListElement":[{"@type":"ListItem","position":1,"name":"Home","item":"https:\/\/hz.group\/de\/"},{"@type":"ListItem","position":2,"name":"Branchenkompetenz","item":"https:\/\/hz.group\/de\/branchenkompetenz\/"},{"@type":"ListItem","position":3,"name":"Automobilindustrie","item":"https:\/\/hz.group\/de\/branchenkompetenz\/automotive\/"},{"@type":"ListItem","position":4,"name":"Future Mobility Index"}]},{"@type":"WebSite","@id":"https:\/\/hz.group\/de\/#website","url":"https:\/\/hz.group\/de\/","name":"H&Z Unternehmensberatung","description":"","publisher":{"@id":"https:\/\/hz.group\/de\/#organization"},"potentialAction":[{"@type":"SearchAction","target":{"@type":"EntryPoint","urlTemplate":"https:\/\/hz.group\/de\/?s={search_term_string}"},"query-input":{"@type":"PropertyValueSpecification","valueRequired":true,"valueName":"search_term_string"}}],"inLanguage":"de"},{"@type":"Organization","@id":"https:\/\/hz.group\/de\/#organization","name":"H&Z Group","url":"https:\/\/hz.group\/de\/","logo":{"@type":"ImageObject","inLanguage":"de","@id":"https:\/\/hz.group\/de\/#\/schema\/logo\/image\/","url":"https:\/\/hz.group\/wp-content\/uploads\/static\/hz_logo-3.svg","contentUrl":"https:\/\/hz.group\/wp-content\/uploads\/static\/hz_logo-3.svg","caption":"H&Z Group"},"image":{"@id":"https:\/\/hz.group\/de\/#\/schema\/logo\/image\/"}}]}},"_links":{"self":[{"href":"https:\/\/hz.group\/de\/wp-json\/wp\/v2\/pages\/27587","targetHints":{"allow":["GET"]}}],"collection":[{"href":"https:\/\/hz.group\/de\/wp-json\/wp\/v2\/pages"}],"about":[{"href":"https:\/\/hz.group\/de\/wp-json\/wp\/v2\/types\/page"}],"author":[{"embeddable":true,"href":"https:\/\/hz.group\/de\/wp-json\/wp\/v2\/users\/2"}],"replies":[{"embeddable":true,"href":"https:\/\/hz.group\/de\/wp-json\/wp\/v2\/comments?post=27587"}],"version-history":[{"count":46,"href":"https:\/\/hz.group\/de\/wp-json\/wp\/v2\/pages\/27587\/revisions"}],"predecessor-version":[{"id":30998,"href":"https:\/\/hz.group\/de\/wp-json\/wp\/v2\/pages\/27587\/revisions\/30998"}],"up":[{"embeddable":true,"href":"https:\/\/hz.group\/de\/wp-json\/wp\/v2\/pages\/22405"}],"wp:attachment":[{"href":"https:\/\/hz.group\/de\/wp-json\/wp\/v2\/media?parent=27587"}],"wp:term":[{"taxonomy":"topic","embeddable":true,"href":"https:\/\/hz.group\/de\/wp-json\/wp\/v2\/topic?post=27587"},{"taxonomy":"industry","embeddable":true,"href":"https:\/\/hz.group\/de\/wp-json\/wp\/v2\/industry?post=27587"},{"taxonomy":"other_tag","embeddable":true,"href":"https:\/\/hz.group\/de\/wp-json\/wp\/v2\/other_tag?post=27587"},{"taxonomy":"solution","embeddable":true,"href":"https:\/\/hz.group\/de\/wp-json\/wp\/v2\/solution?post=27587"}],"curies":[{"name":"wp","href":"https:\/\/api.w.org\/{rel}","templated":true}]}}