{"id":22425,"date":"2025-08-05T05:34:15","date_gmt":"2025-08-05T05:34:15","guid":{"rendered":"https:\/\/staging-hz.snk-dev.de\/industries\/rail\/"},"modified":"2026-01-26T12:16:51","modified_gmt":"2026-01-26T12:16:51","slug":"bahnindustrie-schienenfahrzeuge","status":"publish","type":"page","link":"https:\/\/hz.group\/de\/branchenkompetenz\/bahnindustrie-schienenfahrzeuge\/","title":{"rendered":"Bahnindustrie &#038; Schienenfahrzeuge"},"content":{"rendered":"","protected":false},"excerpt":{"rendered":"","protected":false},"author":1,"featured_media":27883,"parent":15700,"menu_order":0,"comment_status":"closed","ping_status":"closed","template":"","meta":{"_acf_changed":false,"content-type":"","footnotes":""},"topic":[],"industry":[134],"other_tag":[],"solution":[],"class_list":["post-22425","page","type-page","status-publish","has-post-thumbnail","hentry","industry-bahn"],"acf":{"button_icon":1311,"short_description":"Digitalisierung, Kapazit\u00e4t und Dekarbonisierung f\u00fcr die Bahn, f\u00fcr mehr Zuverl\u00e4ssigkeit, bessere Kostenkontrolle und Kundenerlebnis.","related_pages":"","custom_header_link":"","mega_menu_roofline":"","has_megamenu":"no","mega_menu_content_heading":"","mega_menu_content_cta_title":"","mega_menu_content_cta_link":"","exclude_from_menu":false},"yoast_head":"<!-- This site is optimized with the Yoast SEO plugin v27.3 - https:\/\/yoast.com\/product\/yoast-seo-wordpress\/ -->\n<title>Bahnberatung f\u00fcr eine zukunftsf\u00e4hige Schienenindustrie | H&amp;Z<\/title>\n<meta name=\"description\" content=\"Strategische Bahnberatung f\u00fcr Betreiber, Hersteller und Infrastrukturunternehmen. H&amp;Z st\u00e4rkt Innovation, Resilienz und Nachhaltigkeit in der Bahnindustrie.\" \/>\n<meta name=\"robots\" content=\"index, follow, max-snippet:-1, max-image-preview:large, max-video-preview:-1\" \/>\n<link rel=\"canonical\" href=\"https:\/\/hz.group\/de\/branchenkompetenz\/bahnindustrie-schienenfahrzeuge\/\" \/>\n<meta property=\"og:locale\" content=\"de_DE\" \/>\n<meta property=\"og:type\" content=\"article\" \/>\n<meta property=\"og:title\" content=\"Bahnberatung f\u00fcr eine zukunftsf\u00e4hige Schienenindustrie | H&amp;Z\" \/>\n<meta property=\"og:description\" content=\"Strategische Bahnberatung f\u00fcr Betreiber, Hersteller und Infrastrukturunternehmen. H&amp;Z st\u00e4rkt Innovation, Resilienz und Nachhaltigkeit in der Bahnindustrie.\" \/>\n<meta property=\"og:url\" content=\"https:\/\/hz.group\/de\/branchenkompetenz\/bahnindustrie-schienenfahrzeuge\/\" \/>\n<meta property=\"og:site_name\" content=\"H&amp;Z\" \/>\n<meta property=\"article:modified_time\" content=\"2026-01-26T12:16:51+00:00\" \/>\n<meta property=\"og:image\" content=\"https:\/\/hz.group\/wp-content\/uploads\/2025\/12\/15_HZ_website-visuals_rail-1500-01-1024x853.png\" \/>\n\t<meta property=\"og:image:width\" content=\"1024\" \/>\n\t<meta property=\"og:image:height\" content=\"853\" \/>\n\t<meta property=\"og:image:type\" content=\"image\/png\" \/>\n<meta name=\"twitter:card\" content=\"summary_large_image\" \/>\n<meta name=\"twitter:label1\" content=\"Gesch\u00e4tzte Lesezeit\" \/>\n\t<meta name=\"twitter:data1\" content=\"8\u00a0Minuten\" \/>\n<script type=\"application\/ld+json\" class=\"yoast-schema-graph\">{\"@context\":\"https:\\\/\\\/schema.org\",\"@graph\":[{\"@type\":\"WebPage\",\"@id\":\"https:\\\/\\\/hz.group\\\/de\\\/branchenkompetenz\\\/bahnindustrie-schienenfahrzeuge\\\/\",\"url\":\"https:\\\/\\\/hz.group\\\/de\\\/branchenkompetenz\\\/bahnindustrie-schienenfahrzeuge\\\/\",\"name\":\"Bahnberatung f\u00fcr eine zukunftsf\u00e4hige Schienenindustrie | H&Z\",\"isPartOf\":{\"@id\":\"https:\\\/\\\/hz.group\\\/de\\\/#website\"},\"primaryImageOfPage\":{\"@id\":\"https:\\\/\\\/hz.group\\\/de\\\/branchenkompetenz\\\/bahnindustrie-schienenfahrzeuge\\\/#primaryimage\"},\"image\":{\"@id\":\"https:\\\/\\\/hz.group\\\/de\\\/branchenkompetenz\\\/bahnindustrie-schienenfahrzeuge\\\/#primaryimage\"},\"thumbnailUrl\":\"https:\\\/\\\/hz.group\\\/wp-content\\\/uploads\\\/2025\\\/12\\\/15_HZ_website-visuals_rail-1500-01.png\",\"datePublished\":\"2025-08-05T05:34:15+00:00\",\"dateModified\":\"2026-01-26T12:16:51+00:00\",\"description\":\"Strategische Bahnberatung f\u00fcr Betreiber, Hersteller und Infrastrukturunternehmen. H&Z st\u00e4rkt Innovation, Resilienz und Nachhaltigkeit in der Bahnindustrie.\",\"breadcrumb\":{\"@id\":\"https:\\\/\\\/hz.group\\\/de\\\/branchenkompetenz\\\/bahnindustrie-schienenfahrzeuge\\\/#breadcrumb\"},\"inLanguage\":\"de\",\"potentialAction\":[{\"@type\":\"ReadAction\",\"target\":[\"https:\\\/\\\/hz.group\\\/de\\\/branchenkompetenz\\\/bahnindustrie-schienenfahrzeuge\\\/\"]}]},{\"@type\":\"ImageObject\",\"inLanguage\":\"de\",\"@id\":\"https:\\\/\\\/hz.group\\\/de\\\/branchenkompetenz\\\/bahnindustrie-schienenfahrzeuge\\\/#primaryimage\",\"url\":\"https:\\\/\\\/hz.group\\\/wp-content\\\/uploads\\\/2025\\\/12\\\/15_HZ_website-visuals_rail-1500-01.png\",\"contentUrl\":\"https:\\\/\\\/hz.group\\\/wp-content\\\/uploads\\\/2025\\\/12\\\/15_HZ_website-visuals_rail-1500-01.png\",\"width\":1500,\"height\":1250},{\"@type\":\"BreadcrumbList\",\"@id\":\"https:\\\/\\\/hz.group\\\/de\\\/branchenkompetenz\\\/bahnindustrie-schienenfahrzeuge\\\/#breadcrumb\",\"itemListElement\":[{\"@type\":\"ListItem\",\"position\":1,\"name\":\"Home\",\"item\":\"https:\\\/\\\/hz.group\\\/de\\\/\"},{\"@type\":\"ListItem\",\"position\":2,\"name\":\"Branchenkompetenz\",\"item\":\"https:\\\/\\\/hz.group\\\/de\\\/branchenkompetenz\\\/\"},{\"@type\":\"ListItem\",\"position\":3,\"name\":\"Bahnindustrie &#038; Schienenfahrzeuge\"}]},{\"@type\":\"WebSite\",\"@id\":\"https:\\\/\\\/hz.group\\\/de\\\/#website\",\"url\":\"https:\\\/\\\/hz.group\\\/de\\\/\",\"name\":\"H&Z Unternehmensberatung\",\"description\":\"\",\"publisher\":{\"@id\":\"https:\\\/\\\/hz.group\\\/de\\\/#organization\"},\"potentialAction\":[{\"@type\":\"SearchAction\",\"target\":{\"@type\":\"EntryPoint\",\"urlTemplate\":\"https:\\\/\\\/hz.group\\\/de\\\/?s={search_term_string}\"},\"query-input\":{\"@type\":\"PropertyValueSpecification\",\"valueRequired\":true,\"valueName\":\"search_term_string\"}}],\"inLanguage\":\"de\"},{\"@type\":\"Organization\",\"@id\":\"https:\\\/\\\/hz.group\\\/de\\\/#organization\",\"name\":\"H&Z Group\",\"url\":\"https:\\\/\\\/hz.group\\\/de\\\/\",\"logo\":{\"@type\":\"ImageObject\",\"inLanguage\":\"de\",\"@id\":\"https:\\\/\\\/hz.group\\\/de\\\/#\\\/schema\\\/logo\\\/image\\\/\",\"url\":\"https:\\\/\\\/hz.group\\\/wp-content\\\/uploads\\\/static\\\/hz_logo-3.svg\",\"contentUrl\":\"https:\\\/\\\/hz.group\\\/wp-content\\\/uploads\\\/static\\\/hz_logo-3.svg\",\"caption\":\"H&Z Group\"},\"image\":{\"@id\":\"https:\\\/\\\/hz.group\\\/de\\\/#\\\/schema\\\/logo\\\/image\\\/\"}}]}<\/script>\n<!-- \/ Yoast SEO plugin. -->","yoast_head_json":{"title":"Bahnberatung f\u00fcr eine zukunftsf\u00e4hige Schienenindustrie | H&Z","description":"Strategische Bahnberatung f\u00fcr Betreiber, Hersteller und Infrastrukturunternehmen. H&Z st\u00e4rkt Innovation, Resilienz und Nachhaltigkeit in der Bahnindustrie.","robots":{"index":"index","follow":"follow","max-snippet":"max-snippet:-1","max-image-preview":"max-image-preview:large","max-video-preview":"max-video-preview:-1"},"canonical":"https:\/\/hz.group\/de\/branchenkompetenz\/bahnindustrie-schienenfahrzeuge\/","og_locale":"de_DE","og_type":"article","og_title":"Bahnberatung f\u00fcr eine zukunftsf\u00e4hige Schienenindustrie | H&Z","og_description":"Strategische Bahnberatung f\u00fcr Betreiber, Hersteller und Infrastrukturunternehmen. H&Z st\u00e4rkt Innovation, Resilienz und Nachhaltigkeit in der Bahnindustrie.","og_url":"https:\/\/hz.group\/de\/branchenkompetenz\/bahnindustrie-schienenfahrzeuge\/","og_site_name":"H&amp;Z","article_modified_time":"2026-01-26T12:16:51+00:00","og_image":[{"width":1024,"height":853,"url":"https:\/\/hz.group\/wp-content\/uploads\/2025\/12\/15_HZ_website-visuals_rail-1500-01-1024x853.png","type":"image\/png"}],"twitter_card":"summary_large_image","twitter_misc":{"Gesch\u00e4tzte Lesezeit":"8\u00a0Minuten"},"schema":{"@context":"https:\/\/schema.org","@graph":[{"@type":"WebPage","@id":"https:\/\/hz.group\/de\/branchenkompetenz\/bahnindustrie-schienenfahrzeuge\/","url":"https:\/\/hz.group\/de\/branchenkompetenz\/bahnindustrie-schienenfahrzeuge\/","name":"Bahnberatung f\u00fcr eine zukunftsf\u00e4hige Schienenindustrie | H&Z","isPartOf":{"@id":"https:\/\/hz.group\/de\/#website"},"primaryImageOfPage":{"@id":"https:\/\/hz.group\/de\/branchenkompetenz\/bahnindustrie-schienenfahrzeuge\/#primaryimage"},"image":{"@id":"https:\/\/hz.group\/de\/branchenkompetenz\/bahnindustrie-schienenfahrzeuge\/#primaryimage"},"thumbnailUrl":"https:\/\/hz.group\/wp-content\/uploads\/2025\/12\/15_HZ_website-visuals_rail-1500-01.png","datePublished":"2025-08-05T05:34:15+00:00","dateModified":"2026-01-26T12:16:51+00:00","description":"Strategische Bahnberatung f\u00fcr Betreiber, Hersteller und Infrastrukturunternehmen. H&Z st\u00e4rkt Innovation, Resilienz und Nachhaltigkeit in der Bahnindustrie.","breadcrumb":{"@id":"https:\/\/hz.group\/de\/branchenkompetenz\/bahnindustrie-schienenfahrzeuge\/#breadcrumb"},"inLanguage":"de","potentialAction":[{"@type":"ReadAction","target":["https:\/\/hz.group\/de\/branchenkompetenz\/bahnindustrie-schienenfahrzeuge\/"]}]},{"@type":"ImageObject","inLanguage":"de","@id":"https:\/\/hz.group\/de\/branchenkompetenz\/bahnindustrie-schienenfahrzeuge\/#primaryimage","url":"https:\/\/hz.group\/wp-content\/uploads\/2025\/12\/15_HZ_website-visuals_rail-1500-01.png","contentUrl":"https:\/\/hz.group\/wp-content\/uploads\/2025\/12\/15_HZ_website-visuals_rail-1500-01.png","width":1500,"height":1250},{"@type":"BreadcrumbList","@id":"https:\/\/hz.group\/de\/branchenkompetenz\/bahnindustrie-schienenfahrzeuge\/#breadcrumb","itemListElement":[{"@type":"ListItem","position":1,"name":"Home","item":"https:\/\/hz.group\/de\/"},{"@type":"ListItem","position":2,"name":"Branchenkompetenz","item":"https:\/\/hz.group\/de\/branchenkompetenz\/"},{"@type":"ListItem","position":3,"name":"Bahnindustrie &#038; Schienenfahrzeuge"}]},{"@type":"WebSite","@id":"https:\/\/hz.group\/de\/#website","url":"https:\/\/hz.group\/de\/","name":"H&Z Unternehmensberatung","description":"","publisher":{"@id":"https:\/\/hz.group\/de\/#organization"},"potentialAction":[{"@type":"SearchAction","target":{"@type":"EntryPoint","urlTemplate":"https:\/\/hz.group\/de\/?s={search_term_string}"},"query-input":{"@type":"PropertyValueSpecification","valueRequired":true,"valueName":"search_term_string"}}],"inLanguage":"de"},{"@type":"Organization","@id":"https:\/\/hz.group\/de\/#organization","name":"H&Z Group","url":"https:\/\/hz.group\/de\/","logo":{"@type":"ImageObject","inLanguage":"de","@id":"https:\/\/hz.group\/de\/#\/schema\/logo\/image\/","url":"https:\/\/hz.group\/wp-content\/uploads\/static\/hz_logo-3.svg","contentUrl":"https:\/\/hz.group\/wp-content\/uploads\/static\/hz_logo-3.svg","caption":"H&Z Group"},"image":{"@id":"https:\/\/hz.group\/de\/#\/schema\/logo\/image\/"}}]}},"_links":{"self":[{"href":"https:\/\/hz.group\/de\/wp-json\/wp\/v2\/pages\/22425","targetHints":{"allow":["GET"]}}],"collection":[{"href":"https:\/\/hz.group\/de\/wp-json\/wp\/v2\/pages"}],"about":[{"href":"https:\/\/hz.group\/de\/wp-json\/wp\/v2\/types\/page"}],"author":[{"embeddable":true,"href":"https:\/\/hz.group\/de\/wp-json\/wp\/v2\/users\/1"}],"replies":[{"embeddable":true,"href":"https:\/\/hz.group\/de\/wp-json\/wp\/v2\/comments?post=22425"}],"version-history":[{"count":39,"href":"https:\/\/hz.group\/de\/wp-json\/wp\/v2\/pages\/22425\/revisions"}],"predecessor-version":[{"id":32133,"href":"https:\/\/hz.group\/de\/wp-json\/wp\/v2\/pages\/22425\/revisions\/32133"}],"up":[{"embeddable":true,"href":"https:\/\/hz.group\/de\/wp-json\/wp\/v2\/pages\/15700"}],"wp:featuredmedia":[{"embeddable":true,"href":"https:\/\/hz.group\/de\/wp-json\/wp\/v2\/media\/27883"}],"wp:attachment":[{"href":"https:\/\/hz.group\/de\/wp-json\/wp\/v2\/media?parent=22425"}],"wp:term":[{"taxonomy":"topic","embeddable":true,"href":"https:\/\/hz.group\/de\/wp-json\/wp\/v2\/topic?post=22425"},{"taxonomy":"industry","embeddable":true,"href":"https:\/\/hz.group\/de\/wp-json\/wp\/v2\/industry?post=22425"},{"taxonomy":"other_tag","embeddable":true,"href":"https:\/\/hz.group\/de\/wp-json\/wp\/v2\/other_tag?post=22425"},{"taxonomy":"solution","embeddable":true,"href":"https:\/\/hz.group\/de\/wp-json\/wp\/v2\/solution?post=22425"}],"curies":[{"name":"wp","href":"https:\/\/api.w.org\/{rel}","templated":true}]}}