{"id":15700,"date":"2025-08-05T05:34:15","date_gmt":"2025-08-05T05:34:15","guid":{"rendered":"https:\/\/staging-hz.snk-dev.de\/industries\/"},"modified":"2026-01-12T08:17:29","modified_gmt":"2026-01-12T08:17:29","slug":"branchenkompetenz","status":"publish","type":"page","link":"https:\/\/hz.group\/de\/branchenkompetenz\/","title":{"rendered":"Branchenkompetenz"},"content":{"rendered":"","protected":false},"excerpt":{"rendered":"","protected":false},"author":1,"featured_media":0,"parent":0,"menu_order":0,"comment_status":"closed","ping_status":"closed","template":"","meta":{"_acf_changed":false,"content-type":"","footnotes":""},"topic":[],"industry":[],"other_tag":[],"solution":[],"class_list":["post-15700","page","type-page","status-publish","hentry"],"acf":{"button_icon":"","short_description":"Branchenspezifische Expertise, die Resilienz, Effizienz und Wettbewerbsf\u00e4higkeit in vielf\u00e4ltigen M\u00e4rkten nachhaltig st\u00e4rkt.","related_pages":"","custom_header_link":"","mega_menu_roofline":"","has_megamenu":"no","mega_menu_content_heading":"","mega_menu_content_cta_title":"","mega_menu_content_cta_link":"","exclude_from_menu":false},"yoast_head":"<!-- This site is optimized with the Yoast SEO plugin v26.9 - https:\/\/yoast.com\/product\/yoast-seo-wordpress\/ -->\n<title>Branchenberatung f\u00fcr Schl\u00fcsselindustrien | H&amp;Z<\/title>\n<meta name=\"description\" content=\"H&amp;Z bietet fundierte Branchenberatung f\u00fcr Maschinenbau, Automotive, Banken, Bahn, Private Equity und Verteidigung \u2013 mit messbarem Impact.\" \/>\n<meta name=\"robots\" content=\"index, follow, max-snippet:-1, max-image-preview:large, max-video-preview:-1\" \/>\n<link rel=\"canonical\" href=\"https:\/\/hz.group\/de\/branchenkompetenz\/\" \/>\n<meta property=\"og:locale\" content=\"de_DE\" \/>\n<meta property=\"og:type\" content=\"article\" \/>\n<meta property=\"og:title\" content=\"Branchenberatung f\u00fcr Schl\u00fcsselindustrien | H&amp;Z\" \/>\n<meta property=\"og:description\" content=\"H&amp;Z bietet fundierte Branchenberatung f\u00fcr Maschinenbau, Automotive, Banken, Bahn, Private Equity und Verteidigung \u2013 mit messbarem Impact.\" \/>\n<meta property=\"og:url\" content=\"https:\/\/hz.group\/de\/branchenkompetenz\/\" \/>\n<meta property=\"og:site_name\" content=\"H&amp;Z\" \/>\n<meta property=\"article:modified_time\" content=\"2026-01-12T08:17:29+00:00\" \/>\n<meta name=\"twitter:card\" content=\"summary_large_image\" \/>\n<meta name=\"twitter:label1\" content=\"Gesch\u00e4tzte Lesezeit\" \/>\n\t<meta name=\"twitter:data1\" content=\"4\u00a0Minuten\" \/>\n<script type=\"application\/ld+json\" class=\"yoast-schema-graph\">{\"@context\":\"https:\/\/schema.org\",\"@graph\":[{\"@type\":\"WebPage\",\"@id\":\"https:\/\/hz.group\/de\/branchenkompetenz\/\",\"url\":\"https:\/\/hz.group\/de\/branchenkompetenz\/\",\"name\":\"Branchenberatung f\u00fcr Schl\u00fcsselindustrien | H&Z\",\"isPartOf\":{\"@id\":\"https:\/\/hz.group\/de\/#website\"},\"datePublished\":\"2025-08-05T05:34:15+00:00\",\"dateModified\":\"2026-01-12T08:17:29+00:00\",\"description\":\"H&Z bietet fundierte Branchenberatung f\u00fcr Maschinenbau, Automotive, Banken, Bahn, Private Equity und Verteidigung \u2013 mit messbarem Impact.\",\"breadcrumb\":{\"@id\":\"https:\/\/hz.group\/de\/branchenkompetenz\/#breadcrumb\"},\"inLanguage\":\"de\",\"potentialAction\":[{\"@type\":\"ReadAction\",\"target\":[\"https:\/\/hz.group\/de\/branchenkompetenz\/\"]}]},{\"@type\":\"BreadcrumbList\",\"@id\":\"https:\/\/hz.group\/de\/branchenkompetenz\/#breadcrumb\",\"itemListElement\":[{\"@type\":\"ListItem\",\"position\":1,\"name\":\"Home\",\"item\":\"https:\/\/hz.group\/de\/\"},{\"@type\":\"ListItem\",\"position\":2,\"name\":\"Branchenkompetenz\"}]},{\"@type\":\"WebSite\",\"@id\":\"https:\/\/hz.group\/de\/#website\",\"url\":\"https:\/\/hz.group\/de\/\",\"name\":\"H&Z Unternehmensberatung\",\"description\":\"\",\"publisher\":{\"@id\":\"https:\/\/hz.group\/de\/#organization\"},\"potentialAction\":[{\"@type\":\"SearchAction\",\"target\":{\"@type\":\"EntryPoint\",\"urlTemplate\":\"https:\/\/hz.group\/de\/?s={search_term_string}\"},\"query-input\":{\"@type\":\"PropertyValueSpecification\",\"valueRequired\":true,\"valueName\":\"search_term_string\"}}],\"inLanguage\":\"de\"},{\"@type\":\"Organization\",\"@id\":\"https:\/\/hz.group\/de\/#organization\",\"name\":\"H&Z Group\",\"url\":\"https:\/\/hz.group\/de\/\",\"logo\":{\"@type\":\"ImageObject\",\"inLanguage\":\"de\",\"@id\":\"https:\/\/hz.group\/de\/#\/schema\/logo\/image\/\",\"url\":\"https:\/\/hz.group\/wp-content\/uploads\/static\/hz_logo-3.svg\",\"contentUrl\":\"https:\/\/hz.group\/wp-content\/uploads\/static\/hz_logo-3.svg\",\"caption\":\"H&Z Group\"},\"image\":{\"@id\":\"https:\/\/hz.group\/de\/#\/schema\/logo\/image\/\"}}]}<\/script>\n<!-- \/ Yoast SEO plugin. -->","yoast_head_json":{"title":"Branchenberatung f\u00fcr Schl\u00fcsselindustrien | H&Z","description":"H&Z bietet fundierte Branchenberatung f\u00fcr Maschinenbau, Automotive, Banken, Bahn, Private Equity und Verteidigung \u2013 mit messbarem Impact.","robots":{"index":"index","follow":"follow","max-snippet":"max-snippet:-1","max-image-preview":"max-image-preview:large","max-video-preview":"max-video-preview:-1"},"canonical":"https:\/\/hz.group\/de\/branchenkompetenz\/","og_locale":"de_DE","og_type":"article","og_title":"Branchenberatung f\u00fcr Schl\u00fcsselindustrien | H&Z","og_description":"H&Z bietet fundierte Branchenberatung f\u00fcr Maschinenbau, Automotive, Banken, Bahn, Private Equity und Verteidigung \u2013 mit messbarem Impact.","og_url":"https:\/\/hz.group\/de\/branchenkompetenz\/","og_site_name":"H&amp;Z","article_modified_time":"2026-01-12T08:17:29+00:00","twitter_card":"summary_large_image","twitter_misc":{"Gesch\u00e4tzte Lesezeit":"4\u00a0Minuten"},"schema":{"@context":"https:\/\/schema.org","@graph":[{"@type":"WebPage","@id":"https:\/\/hz.group\/de\/branchenkompetenz\/","url":"https:\/\/hz.group\/de\/branchenkompetenz\/","name":"Branchenberatung f\u00fcr Schl\u00fcsselindustrien | H&Z","isPartOf":{"@id":"https:\/\/hz.group\/de\/#website"},"datePublished":"2025-08-05T05:34:15+00:00","dateModified":"2026-01-12T08:17:29+00:00","description":"H&Z bietet fundierte Branchenberatung f\u00fcr Maschinenbau, Automotive, Banken, Bahn, Private Equity und Verteidigung \u2013 mit messbarem Impact.","breadcrumb":{"@id":"https:\/\/hz.group\/de\/branchenkompetenz\/#breadcrumb"},"inLanguage":"de","potentialAction":[{"@type":"ReadAction","target":["https:\/\/hz.group\/de\/branchenkompetenz\/"]}]},{"@type":"BreadcrumbList","@id":"https:\/\/hz.group\/de\/branchenkompetenz\/#breadcrumb","itemListElement":[{"@type":"ListItem","position":1,"name":"Home","item":"https:\/\/hz.group\/de\/"},{"@type":"ListItem","position":2,"name":"Branchenkompetenz"}]},{"@type":"WebSite","@id":"https:\/\/hz.group\/de\/#website","url":"https:\/\/hz.group\/de\/","name":"H&Z Unternehmensberatung","description":"","publisher":{"@id":"https:\/\/hz.group\/de\/#organization"},"potentialAction":[{"@type":"SearchAction","target":{"@type":"EntryPoint","urlTemplate":"https:\/\/hz.group\/de\/?s={search_term_string}"},"query-input":{"@type":"PropertyValueSpecification","valueRequired":true,"valueName":"search_term_string"}}],"inLanguage":"de"},{"@type":"Organization","@id":"https:\/\/hz.group\/de\/#organization","name":"H&Z Group","url":"https:\/\/hz.group\/de\/","logo":{"@type":"ImageObject","inLanguage":"de","@id":"https:\/\/hz.group\/de\/#\/schema\/logo\/image\/","url":"https:\/\/hz.group\/wp-content\/uploads\/static\/hz_logo-3.svg","contentUrl":"https:\/\/hz.group\/wp-content\/uploads\/static\/hz_logo-3.svg","caption":"H&Z Group"},"image":{"@id":"https:\/\/hz.group\/de\/#\/schema\/logo\/image\/"}}]}},"_links":{"self":[{"href":"https:\/\/hz.group\/de\/wp-json\/wp\/v2\/pages\/15700","targetHints":{"allow":["GET"]}}],"collection":[{"href":"https:\/\/hz.group\/de\/wp-json\/wp\/v2\/pages"}],"about":[{"href":"https:\/\/hz.group\/de\/wp-json\/wp\/v2\/types\/page"}],"author":[{"embeddable":true,"href":"https:\/\/hz.group\/de\/wp-json\/wp\/v2\/users\/1"}],"replies":[{"embeddable":true,"href":"https:\/\/hz.group\/de\/wp-json\/wp\/v2\/comments?post=15700"}],"version-history":[{"count":47,"href":"https:\/\/hz.group\/de\/wp-json\/wp\/v2\/pages\/15700\/revisions"}],"predecessor-version":[{"id":31277,"href":"https:\/\/hz.group\/de\/wp-json\/wp\/v2\/pages\/15700\/revisions\/31277"}],"wp:attachment":[{"href":"https:\/\/hz.group\/de\/wp-json\/wp\/v2\/media?parent=15700"}],"wp:term":[{"taxonomy":"topic","embeddable":true,"href":"https:\/\/hz.group\/de\/wp-json\/wp\/v2\/topic?post=15700"},{"taxonomy":"industry","embeddable":true,"href":"https:\/\/hz.group\/de\/wp-json\/wp\/v2\/industry?post=15700"},{"taxonomy":"other_tag","embeddable":true,"href":"https:\/\/hz.group\/de\/wp-json\/wp\/v2\/other_tag?post=15700"},{"taxonomy":"solution","embeddable":true,"href":"https:\/\/hz.group\/de\/wp-json\/wp\/v2\/solution?post=15700"}],"curies":[{"name":"wp","href":"https:\/\/api.w.org\/{rel}","templated":true}]}}